{"id":4922,"date":"2026-03-26T18:18:35","date_gmt":"2026-03-26T23:18:35","guid":{"rendered":"https:\/\/jaguartrail.com\/?page_id=4922"},"modified":"2026-03-26T18:43:02","modified_gmt":"2026-03-26T23:43:02","slug":"inicio","status":"publish","type":"page","link":"https:\/\/jaguartrail.com\/es\/","title":{"rendered":"Inicio"},"content":{"rendered":"<div  class=\"one fullwidth \"><\/div>\n<div  class=\"ppb_tourcat_grid one nopadding \" style=\"margin-top:50px!important;\" >\n<div class=\"page_content_wrapper page_main_content sidebar_content full_width fixed_column\">\n<div class=\"standard_wrapper\">\n<div id=\"1774568582819002731\" class=\"portfolio_filter_wrapper gallery grid portrait four_cols\" data-columns=\"4\">\n<div class=\"element grid classic4_cols animated1\">\n<div class=\"one_fourth gallery4 grid static filterable portfolio_type themeborder\" style=\"background-image:url(https:\/\/jaguartrail.com\/wp-content\/uploads\/2025\/09\/nature.png);\"><a class=\"tour_image\" href=\"https:\/\/jaguartrail.com\/es\/tour-category\/actividades-acuaticas\/\"><\/a><\/p>\n<div class=\"portfolio_info_wrapper\">\n<h3>Actividades Acu\u00e1ticas<\/h3>\n<\/div>\n<\/div>\n<\/div>\n<div class=\"element grid classic4_cols animated2\">\n<div class=\"one_fourth gallery4 grid static filterable portfolio_type themeborder\" style=\"background-image:url(https:\/\/jaguartrail.com\/wp-content\/uploads\/2025\/09\/explorer.png);\"><a class=\"tour_image\" href=\"https:\/\/jaguartrail.com\/es\/tour-category\/aventura\/\"><\/a><\/p>\n<div class=\"portfolio_info_wrapper\">\n<h3>Aventura<\/h3>\n<\/div>\n<\/div>\n<\/div>\n<div class=\"element grid classic4_cols animated3\">\n<div class=\"one_fourth gallery4 grid static filterable portfolio_type themeborder\" style=\"background-image:url(https:\/\/jaguartrail.com\/wp-content\/uploads\/2025\/10\/Jaguar-Trail-17.png);\"><a class=\"tour_image\" href=\"https:\/\/jaguartrail.com\/es\/tour-category\/canoa\/\"><\/a><\/p>\n<div class=\"portfolio_info_wrapper\">\n<h3>Canoa<\/h3>\n<\/div>\n<\/div>\n<\/div>\n<div class=\"element grid classic4_cols animated4\">\n<div class=\"one_fourth gallery4 grid static filterable portfolio_type themeborder\" style=\"background-image:url(https:\/\/jaguartrail.com\/wp-content\/uploads\/2025\/10\/Jaguar-Trail-15.png);\"><a class=\"tour_image\" href=\"https:\/\/jaguartrail.com\/es\/tour-category\/caverna\/\"><\/a><\/p>\n<div class=\"portfolio_info_wrapper\">\n<h3>Caverna<\/h3>\n<\/div>\n<\/div>\n<\/div>\n<div class=\"element grid classic4_cols animated5\">\n<div class=\"one_fourth gallery4 grid static filterable portfolio_type themeborder\" style=\"background-image:url(https:\/\/jaguartrail.com\/wp-content\/uploads\/2025\/09\/wildlife.png);\"><a class=\"tour_image\" href=\"https:\/\/jaguartrail.com\/es\/tour-category\/cenote-es\/\"><\/a><\/p>\n<div class=\"portfolio_info_wrapper\">\n<h3>Cenote<\/h3>\n<\/div>\n<\/div>\n<\/div>\n<div class=\"element grid classic4_cols animated6\">\n<div class=\"one_fourth gallery4 grid static filterable portfolio_type themeborder\" style=\"background-image:url(https:\/\/jaguartrail.com\/wp-content\/uploads\/2025\/09\/mayan.png);\"><a class=\"tour_image\" href=\"https:\/\/jaguartrail.com\/es\/tour-category\/cultura-maya\/\"><\/a><\/p>\n<div class=\"portfolio_info_wrapper\">\n<h3>Cultura Maya<\/h3>\n<\/div>\n<\/div>\n<\/div>\n<div class=\"element grid classic4_cols animated7\">\n<div class=\"one_fourth gallery4 grid static filterable portfolio_type themeborder\" style=\"background-image:url(https:\/\/jaguartrail.com\/wp-content\/uploads\/2025\/10\/Jaguar-Trail-16.png);\"><a class=\"tour_image\" href=\"https:\/\/jaguartrail.com\/es\/tour-category\/kayak-es\/\"><\/a><\/p>\n<div class=\"portfolio_info_wrapper\">\n<h3>Kayak<\/h3>\n<\/div>\n<\/div>\n<\/div>\n<div class=\"element grid classic4_cols animated8\">\n<div class=\"one_fourth gallery4 grid static filterable portfolio_type themeborder\" style=\"background-image:url(https:\/\/jaguartrail.com\/wp-content\/uploads\/2025\/10\/Jaguar-Trail-18.png);\"><a class=\"tour_image\" href=\"https:\/\/jaguartrail.com\/es\/tour-category\/navegacion\/\"><\/a><\/p>\n<div class=\"portfolio_info_wrapper\">\n<h3>Navegaci\u00f3n<\/h3>\n<\/div>\n<\/div>\n<\/div>\n<div class=\"element grid classic4_cols animated9\">\n<div class=\"one_fourth gallery4 grid static filterable portfolio_type themeborder\" style=\"background-image:url(https:\/\/jaguartrail.com\/wp-content\/uploads\/2025\/10\/rappel.png);\"><a class=\"tour_image\" href=\"https:\/\/jaguartrail.com\/es\/tour-category\/rappel-es\/\"><\/a><\/p>\n<div class=\"portfolio_info_wrapper\">\n<h3>Rappel<\/h3>\n<\/div>\n<\/div>\n<\/div>\n<div class=\"element grid classic4_cols animated10\">\n<div class=\"one_fourth gallery4 grid static filterable portfolio_type themeborder\" style=\"background-image:url(https:\/\/jaguartrail.com\/wp-content\/uploads\/2025\/09\/ruins.png);\"><a class=\"tour_image\" href=\"https:\/\/jaguartrail.com\/es\/tour-category\/ruinas\/\"><\/a><\/p>\n<div class=\"portfolio_info_wrapper\">\n<h3>Ruinas<\/h3>\n<\/div>\n<\/div>\n<\/div>\n<div class=\"element grid classic4_cols animated11\">\n<div class=\"one_fourth gallery4 grid static filterable portfolio_type themeborder\" style=\"background-image:url(https:\/\/jaguartrail.com\/wp-content\/uploads\/2025\/10\/Jaguar-Trail-18.png);\"><a class=\"tour_image\" href=\"https:\/\/jaguartrail.com\/es\/tour-category\/snorkel-es\/\"><\/a><\/p>\n<div class=\"portfolio_info_wrapper\">\n<h3>Snorkel<\/h3>\n<\/div>\n<\/div>\n<\/div>\n<div class=\"element grid classic4_cols animated12\">\n<div class=\"one_fourth gallery4 grid static filterable portfolio_type themeborder\" style=\"background-image:url(https:\/\/jaguartrail.com\/wp-content\/uploads\/2025\/10\/Jaguar-Trail-14.png);\"><a class=\"tour_image\" href=\"https:\/\/jaguartrail.com\/es\/tour-category\/tirolesas\/\"><\/a><\/p>\n<div class=\"portfolio_info_wrapper\">\n<h3>Tirolesas<\/h3>\n<\/div>\n<\/div>\n<\/div>\n<\/div>\n<\/div>\n<\/div>\n<\/div>\n<div  class=\"one withsmallpadding ppb_text\" style=\"text-align:center;padding:30px 0 30px 0;\" >\n<div class=\"standard_wrapper\">\n<div class=\"page_content_wrapper\">\n<div class=\"inner\">\n<div style=\"margin:auto;width:80%\">\n<h2>Ofrecemos un servicio personalizado a los clientes que buscan sumergirse en la <span style=\"color: #fdc860;\">historia, cultura y naturaleza <\/span>del pa\u00eds.<\/h2>\n<\/div>\n<\/div>\n<\/div>\n<\/div>\n<\/div>\n<div  class=\"ppb_tour_classic one nopadding \" style=\"margin-bottom:50px;\" >\n<div class=\"page_content_wrapper page_main_content sidebar_content full_width fixed_column\">\n<div class=\"standard_wrapper\">\n<div id=\"17745685821877030796\" class=\"portfolio_filter_wrapper gallery classic four_cols\" data-columns=\"4\">\n<div class=\"element grid classic4_cols animated1\">\n<div class=\"one_fourth gallery4 classic static filterable portfolio_type themeborder\"><a class=\"tour_image\" href=\"https:\/\/jaguartrail.com\/es\/tour\/tulum-aventura-tirolesas-cenotes-canoa\/\"><br \/>\n\t\t\t\t\t<img decoding=\"async\" src=\"https:\/\/jaguartrail.com\/wp-content\/uploads\/2025\/12\/Tulum-adventure-zipline-cenotes-canoe-tour-1-700x466.jpg\" alt=\"Tulum &#038; Aventura (tirolesas, cenotes, canoa)\" \/><\/p>\n<div class=\"tour_price 1\"><span>From <\/span>USD $515<span> per Group<\/span><\/div>\n<p><\/a><\/p>\n<div class=\"portfolio_info_wrapper\">\n        \t\t    <a class=\"tour_link\" href=\"https:\/\/jaguartrail.com\/es\/tour\/tulum-aventura-tirolesas-cenotes-canoa\/\"><\/p>\n<h4>Tulum &#038; Aventura (tirolesas, cenotes, canoa)<\/h4>\n<p><\/a><\/p>\n<div class=\"tour_excerpt\">\n<p>Comienza tu d\u00eda explorando el sitio arqueol\u00f3gico maya de Tulum. Disfruta de las hermosas vistas del paisaje, la arquitectura maya, su ubicaci\u00f3n en lo alto de un acantilado y las espectaculares vistas del mar Caribe.<\/p>\n<\/div>\n<div class=\"tour_attribute_wrapper\">\n<div class=\"tour_attribute_days\">\n\t\t\t    \t\t\t    <span class=\"ti-time\"><\/span>6-7&nbsp;Hours<a href=\"javascript:;\" class=\"tooltip\" title=\"Available on Monday,&nbsp;Tuesday,&nbsp;Wednesday,&nbsp;Thursday,&nbsp;Friday,&nbsp;Saturday,&nbsp;Sunday\"><span class=\"ti-info-alt\"><\/span><\/a><\/div>\n<\/div>\n<p>        \t\t    <br class=\"clear\"\/>\n\t\t\t\t<\/div>\n<\/div>\n<\/div>\n<div class=\"element grid classic4_cols animated2\">\n<div class=\"one_fourth gallery4 classic static filterable portfolio_type themeborder\"><a class=\"tour_image\" href=\"https:\/\/jaguartrail.com\/es\/tour\/coba-tulum-cenote\/\"><br \/>\n\t\t\t\t\t<img decoding=\"async\" src=\"https:\/\/jaguartrail.com\/wp-content\/uploads\/2025\/12\/Coba-Tulum-cenote-Tour-3-700x466.jpg\" alt=\"Cob\u00e1 &#8211; Tulum &#038; Cenote\" \/><\/p>\n<div class=\"tour_price 1\"><span>From <\/span>USD $588<span> per Group<\/span><\/div>\n<p><\/a><\/p>\n<div class=\"portfolio_info_wrapper\">\n        \t\t    <a class=\"tour_link\" href=\"https:\/\/jaguartrail.com\/es\/tour\/coba-tulum-cenote\/\"><\/p>\n<h4>Cob\u00e1 &#8211; Tulum &#038; Cenote<\/h4>\n<p><\/a><\/p>\n<div class=\"tour_excerpt\">\n<p>\u00a1Dos tours en un d\u00eda!<br \/>\nConoce la pir\u00e1mide m\u00e1s alta del norte de Yucat\u00e1n, Nohoch Muul, y explora el sitio costero de Tulum.<br \/>\nDate un refrescante ba\u00f1o en una cueva natural.<\/p>\n<\/div>\n<div class=\"tour_attribute_wrapper\">\n<div class=\"tour_attribute_days\">\n\t\t\t    \t\t\t    <span class=\"ti-time\"><\/span>10&nbsp;Hours<a href=\"javascript:;\" class=\"tooltip\" title=\"Available on Monday,&nbsp;Tuesday,&nbsp;Wednesday,&nbsp;Thursday,&nbsp;Friday,&nbsp;Saturday,&nbsp;Sunday\"><span class=\"ti-info-alt\"><\/span><\/a><\/div>\n<\/div>\n<p>        \t\t    <br class=\"clear\"\/>\n\t\t\t\t<\/div>\n<\/div>\n<\/div>\n<div class=\"element grid classic4_cols animated3\">\n<div class=\"one_fourth gallery4 classic static filterable portfolio_type themeborder\"><a class=\"tour_image\" href=\"https:\/\/jaguartrail.com\/es\/tour\/clase-de-cocina-maya-ceremonia-maya-aldea-maya-y-coba\/\"><br \/>\n\t\t\t\t\t<img decoding=\"async\" src=\"https:\/\/jaguartrail.com\/wp-content\/uploads\/2025\/12\/Maya-cooking-class-Maya-ceremony-Maya-village-Coba-tour-2-700x466.jpg\" alt=\"Clase de cocina Maya, Ceremonia Maya, Aldea Maya y Cob\u00e1\" \/><\/p>\n<div class=\"tour_price 1\"><span>From <\/span>USD $751<span> per Group<\/span><\/div>\n<p><\/a><\/p>\n<div class=\"portfolio_info_wrapper\">\n        \t\t    <a class=\"tour_link\" href=\"https:\/\/jaguartrail.com\/es\/tour\/clase-de-cocina-maya-ceremonia-maya-aldea-maya-y-coba\/\"><\/p>\n<h4>Clase de cocina Maya, Ceremonia Maya, Aldea Maya y Cob\u00e1<\/h4>\n<p><\/a><\/p>\n<div class=\"tour_excerpt\">\n<p>\u00a1Forma parte de la comunidad maya!<br \/>\nUn d\u00eda para experimentar de primera mano las tradiciones, costumbres y rituales de la vida cotidiana en una aut\u00e9ntica comunidad maya.<br \/>\nCombinado con una visita al impresionante sitio arqueol\u00f3gico de Cob\u00e1, \u2026<\/p>\n<\/div>\n<div class=\"tour_attribute_wrapper\">\n<div class=\"tour_attribute_days\">\n\t\t\t    \t\t\t    <span class=\"ti-time\"><\/span>9&nbsp;Hours<a href=\"javascript:;\" class=\"tooltip\" title=\"Available on Monday,&nbsp;Tuesday,&nbsp;Wednesday,&nbsp;Thursday,&nbsp;Friday,&nbsp;Saturday,&nbsp;Sunday\"><span class=\"ti-info-alt\"><\/span><\/a><\/div>\n<\/div>\n<p>        \t\t    <br class=\"clear\"\/>\n\t\t\t\t<\/div>\n<\/div>\n<\/div>\n<div class=\"element grid classic4_cols animated4\">\n<div class=\"one_fourth gallery4 classic static filterable portfolio_type themeborder\"><a class=\"tour_image\" href=\"https:\/\/jaguartrail.com\/es\/tour\/coba-aventura-pacchen\/\"><br \/>\n\t\t\t\t\t<img decoding=\"async\" src=\"https:\/\/jaguartrail.com\/wp-content\/uploads\/2025\/12\/Coba-Pacchen-adventure-tour-3-700x466.jpg\" alt=\"Cob\u00e1 &#8211; Aventura Pacchen\" \/><\/p>\n<div class=\"tour_price 1\"><span>From <\/span>USD $588<span> per Group<\/span><\/div>\n<p><\/a><\/p>\n<div class=\"portfolio_info_wrapper\">\n        \t\t    <a class=\"tour_link\" href=\"https:\/\/jaguartrail.com\/es\/tour\/coba-aventura-pacchen\/\"><\/p>\n<h4>Cob\u00e1 &#8211; Aventura Pacchen<\/h4>\n<p><\/a><\/p>\n<div class=\"tour_excerpt\">\n<p>\u00a1Emb\u00e1rcate en una aventura en la selva maya de Pacchen! Una experiencia inolvidable combinada con una visita a la antigua ciudad maya de Cob\u00e1.<\/p>\n<\/div>\n<div class=\"tour_attribute_wrapper\">\n<div class=\"tour_attribute_days\">\n\t\t\t    \t\t\t    <span class=\"ti-time\"><\/span>10&nbsp;Hours<a href=\"javascript:;\" class=\"tooltip\" title=\"Available on Monday,&nbsp;Tuesday,&nbsp;Wednesday,&nbsp;Thursday,&nbsp;Friday,&nbsp;Saturday,&nbsp;Sunday\"><span class=\"ti-info-alt\"><\/span><\/a><\/div>\n<\/div>\n<p>        \t\t    <br class=\"clear\"\/>\n\t\t\t\t<\/div>\n<\/div>\n<\/div>\n<div class=\"element grid classic4_cols animated5\">\n<div class=\"one_fourth gallery4 classic static filterable portfolio_type themeborder\"><a class=\"tour_image\" href=\"https:\/\/jaguartrail.com\/es\/tour\/ek-balam-chichen-itza-cenote\/\"><br \/>\n\t\t\t\t\t<img decoding=\"async\" src=\"https:\/\/jaguartrail.com\/wp-content\/uploads\/2025\/10\/Hero-shot-Ek-Balam-acropolis-700x466.jpg\" alt=\"Ek Balam, Chich\u00e9n Itz\u00e1 &#038; Cenote\" \/><\/p>\n<div class=\"tour_price 1\"><span>From <\/span>USD $851<span> per Group<\/span><\/div>\n<p><\/a><\/p>\n<div class=\"portfolio_info_wrapper\">\n        \t\t    <a class=\"tour_link\" href=\"https:\/\/jaguartrail.com\/es\/tour\/ek-balam-chichen-itza-cenote\/\"><\/p>\n<h4>Ek Balam, Chich\u00e9n Itz\u00e1 &#038; Cenote<\/h4>\n<p><\/a><\/p>\n<div class=\"tour_excerpt\">\n<p>Prep\u00e1rate para conocer dos sitios ceremoniales mayas en el norte de Yucat\u00e1n. Una combinaci\u00f3n que te acercar\u00e1 a su historia, leyendas y rica cultura.<\/p>\n<\/div>\n<div class=\"tour_attribute_wrapper\">\n<div class=\"tour_attribute_days\">\n\t\t\t    \t\t\t    <span class=\"ti-time\"><\/span>12&nbsp;Hours<a href=\"javascript:;\" class=\"tooltip\" title=\"Available on Monday,&nbsp;Tuesday,&nbsp;Wednesday,&nbsp;Thursday,&nbsp;Friday,&nbsp;Saturday,&nbsp;Sunday\"><span class=\"ti-info-alt\"><\/span><\/a><\/div>\n<\/div>\n<p>        \t\t    <br class=\"clear\"\/>\n\t\t\t\t<\/div>\n<\/div>\n<\/div>\n<div class=\"element grid classic4_cols animated6\">\n<div class=\"one_fourth gallery4 classic static filterable portfolio_type themeborder\"><a class=\"tour_image\" href=\"https:\/\/jaguartrail.com\/es\/tour\/cancun-redescubierto-el-meco-el-rey-san-miguelito-museo-maya\/\"><br \/>\n\t\t\t\t\t<img decoding=\"async\" src=\"https:\/\/jaguartrail.com\/wp-content\/uploads\/2025\/12\/Cancun-rediscovered-11-700x466.jpg\" alt=\"Canc\u00fan redescubierto  &#8211; El Meco, El Rey, San Miguelito &#038; Museo Maya\" \/><\/p>\n<div class=\"tour_price 1\"><span>From <\/span>USD $437<span> per Group<\/span><\/div>\n<p><\/a><\/p>\n<div class=\"portfolio_info_wrapper\">\n        \t\t    <a class=\"tour_link\" href=\"https:\/\/jaguartrail.com\/es\/tour\/cancun-redescubierto-el-meco-el-rey-san-miguelito-museo-maya\/\"><\/p>\n<h4>Canc\u00fan redescubierto  &#8211; El Meco, El Rey, San Miguelito &#038; Museo Maya<\/h4>\n<p><\/a><\/p>\n<div class=\"tour_excerpt\">\n<p>\u00bfListo para descubrir la historia y la cultura de Canc\u00fan? Visita 3 (\u00a1tres!) sitios arqueol\u00f3gicos en un solo tour.<\/p>\n<\/div>\n<div class=\"tour_attribute_wrapper\">\n<div class=\"tour_attribute_days\">\n\t\t\t    \t\t\t    <span class=\"ti-time\"><\/span>5&nbsp;Hours<a href=\"javascript:;\" class=\"tooltip\" title=\"Available on Tuesday,&nbsp;Wednesday,&nbsp;Thursday,&nbsp;Friday,&nbsp;Saturday,&nbsp;Sunday\"><span class=\"ti-info-alt\"><\/span><\/a><\/div>\n<\/div>\n<p>        \t\t    <br class=\"clear\"\/>\n\t\t\t\t<\/div>\n<\/div>\n<\/div>\n<div class=\"element grid classic4_cols animated7\">\n<div class=\"one_fourth gallery4 classic static filterable portfolio_type themeborder\"><a class=\"tour_image\" href=\"https:\/\/jaguartrail.com\/es\/tour\/muyil-canales-de-sian-kaan\/\"><br \/>\n\t\t\t\t\t<img decoding=\"async\" src=\"https:\/\/jaguartrail.com\/wp-content\/uploads\/2025\/12\/Muyil-Sian-Kaan-canals-tour-2-700x466.jpg\" alt=\"Muyil &#038; canales de Sian Ka\u2019an\" \/><\/p>\n<div class=\"tour_price 1\"><span>From <\/span>USD $676<span> per Group<\/span><\/div>\n<p><\/a><\/p>\n<div class=\"portfolio_info_wrapper\">\n        \t\t    <a class=\"tour_link\" href=\"https:\/\/jaguartrail.com\/es\/tour\/muyil-canales-de-sian-kaan\/\"><\/p>\n<h4>Muyil &#038; canales de Sian Ka\u2019an<\/h4>\n<p><\/a><\/p>\n<div class=\"tour_excerpt\">\n<p>Salga de los caminos trillados y descubra esta joya escondida en la reserva de la biosfera de Sian Ka\u2019an. Flote en sus aguas cristalinas y conozca el yacimiento arqueol\u00f3gico de Muyil.<\/p>\n<\/div>\n<div class=\"tour_attribute_wrapper\">\n<div class=\"tour_attribute_days\">\n\t\t\t    \t\t\t    <span class=\"ti-time\"><\/span>7&nbsp;Hours<a href=\"javascript:;\" class=\"tooltip\" title=\"Available on Monday,&nbsp;Tuesday,&nbsp;Wednesday,&nbsp;Thursday,&nbsp;Friday,&nbsp;Saturday,&nbsp;Sunday\"><span class=\"ti-info-alt\"><\/span><\/a><\/div>\n<\/div>\n<p>        \t\t    <br class=\"clear\"\/>\n\t\t\t\t<\/div>\n<\/div>\n<\/div>\n<div class=\"element grid classic4_cols animated8\">\n<div class=\"one_fourth gallery4 classic static filterable portfolio_type themeborder\"><a class=\"tour_image\" href=\"https:\/\/jaguartrail.com\/es\/tour\/ek-balam-valladolid-cenote\/\"><br \/>\n\t\t\t\t\t<img decoding=\"async\" src=\"https:\/\/jaguartrail.com\/wp-content\/uploads\/2025\/10\/Hero-shot-Ek-Balam-700x466.jpg\" alt=\"Ek Balam, Valladolid &#038; Cenote\" \/><\/p>\n<div class=\"tour_price 1\"><span>From <\/span>USD $699<span> per Group<\/span><\/div>\n<p><\/a><\/p>\n<div class=\"portfolio_info_wrapper\">\n        \t\t    <a class=\"tour_link\" href=\"https:\/\/jaguartrail.com\/es\/tour\/ek-balam-valladolid-cenote\/\"><\/p>\n<h4>Ek Balam, Valladolid &#038; Cenote<\/h4>\n<p><\/a><\/p>\n<div class=\"tour_excerpt\">\n<p>Un d\u00eda lleno de historia y aventura, explorando la antigua ciudad del jaguar negro, Ek Balam.<\/p>\n<\/div>\n<div class=\"tour_attribute_wrapper\">\n<div class=\"tour_attribute_days\">\n\t\t\t    \t\t\t    <span class=\"ti-time\"><\/span>10&nbsp;Hours<a href=\"javascript:;\" class=\"tooltip\" title=\"Available on Monday,&nbsp;Tuesday,&nbsp;Wednesday,&nbsp;Thursday,&nbsp;Friday,&nbsp;Saturday,&nbsp;Sunday\"><span class=\"ti-info-alt\"><\/span><\/a><\/div>\n<\/div>\n<p>        \t\t    <br class=\"clear\"\/>\n\t\t\t\t<\/div>\n<\/div>\n<\/div>\n<\/div>\n<\/div>\n<\/div>\n<\/div>\n<div  class=\"parallax \" style=\"background-image: url(http:\/\/jaguartrail.com\/wp-content\/uploads\/2025\/10\/sendero.jpg);height:50vh; \"><\/div>\n<div  class=\"one withsmallpadding ppb_header \" style=\"padding-bottom: 0px !important;text-align:center;padding:60px 0 60px 0;\" >\n<div class=\"standard_wrapper\">\n<div class=\"page_content_wrapper\">\n<div class=\"inner\">\n<div style=\"margin:auto;width:100%\">\n<h2 class=\"ppb_title\" style=\"\">Experiencias Memorables<\/h2>\n<div class=\"page_tagline\" style=\"\">A trav\u00e9s de tours privados, ense\u00f1ando lugares emblem\u00e1ticos de M\u00e9xico.<\/div>\n<\/div>\n<\/div>\n<\/div>\n<\/div>\n<\/div>\n<div  class=\"one withsmallpadding ppb_text\" style=\"text-align:center;padding:0px 0 0px 0;\" >\n<div class=\"standard_wrapper\">\n<div class=\"page_content_wrapper\">\n<div class=\"inner\">\n<div style=\"margin:auto;width:100%\">\n<p>\u00a0<\/p>\n<p><img loading=\"lazy\" loading=\"lazy\" decoding=\"async\" class=\"aligncenter wp-image-4293 size-thumbnail\" src=\"http:\/\/jaguartrail.com\/wp-content\/uploads\/2025\/10\/logo-2a-150x150.png\" alt=\"\" width=\"150\" height=\"150\" \/><\/p>\n<\/div>\n<\/div>\n<\/div>\n<\/div>\n<\/div>\n<div  class=\"one withsmallpadding ppb_text\" style=\"text-align:center;padding:0px 0 0px 0;margin-bottom:50px;\" >\n<div class=\"standard_wrapper\">\n<div class=\"page_content_wrapper\">\n<div class=\"inner\">\n<div style=\"margin:auto;width:100%\">\n<h3>Cont\u00e1ctanos si tienes alguna pregunta en <a href=\"mailto:info@jaguartrail.com\">info@jaguartrail.com<\/a><\/h3>\n<p><a class=\"button\" target=\"_blank\" style=\"margin-top: 10px;\" href=\"https:\/\/wa.me\/529842088666\">Chatea con nosotros en WhatsApp<\/a><\/p>\n<\/div>\n<\/div>\n<\/div>\n<\/div>\n<\/div>\n<div  class=\"one ppb_image_fullwidth\" style=\"padding-bottom:0!important;padding:0px 0 0px 0;\" >\n<div class=\"one withbg\" style=\"background-image:url(https:\/\/jaguartrail.com\/wp-content\/uploads\/2025\/10\/vista-aerea-dron-1.jpg);background-size:cover;background-position:center top;height:600px;position:relative;\"><\/div>\n<\/div>\n","protected":false},"excerpt":{"rendered":"<p>Actividades Acu\u00e1ticas Aventura Canoa Caverna Cenote Cultura Maya Kayak Navegaci\u00f3n Rappel Ruinas Snorkel Tirolesas Ofrecemos un servicio personalizado a los clientes que buscan sumergirse en la historia, cultura y naturaleza del pa\u00eds. From USD $515 per Group Tulum &#038; Aventura [&hellip;]<\/p>\n","protected":false},"author":1,"featured_media":4294,"parent":0,"menu_order":0,"comment_status":"closed","ping_status":"closed","template":"","meta":{"footnotes":""},"class_list":["post-4922","page","type-page","status-publish","has-post-thumbnail","hentry"],"_links":{"self":[{"href":"https:\/\/jaguartrail.com\/es\/wp-json\/wp\/v2\/pages\/4922","targetHints":{"allow":["GET"]}}],"collection":[{"href":"https:\/\/jaguartrail.com\/es\/wp-json\/wp\/v2\/pages"}],"about":[{"href":"https:\/\/jaguartrail.com\/es\/wp-json\/wp\/v2\/types\/page"}],"author":[{"embeddable":true,"href":"https:\/\/jaguartrail.com\/es\/wp-json\/wp\/v2\/users\/1"}],"replies":[{"embeddable":true,"href":"https:\/\/jaguartrail.com\/es\/wp-json\/wp\/v2\/comments?post=4922"}],"version-history":[{"count":5,"href":"https:\/\/jaguartrail.com\/es\/wp-json\/wp\/v2\/pages\/4922\/revisions"}],"predecessor-version":[{"id":4941,"href":"https:\/\/jaguartrail.com\/es\/wp-json\/wp\/v2\/pages\/4922\/revisions\/4941"}],"wp:featuredmedia":[{"embeddable":true,"href":"https:\/\/jaguartrail.com\/es\/wp-json\/wp\/v2\/media\/4294"}],"wp:attachment":[{"href":"https:\/\/jaguartrail.com\/es\/wp-json\/wp\/v2\/media?parent=4922"}],"curies":[{"name":"wp","href":"https:\/\/api.w.org\/{rel}","templated":true}]}}