{"id":4923,"date":"2026-03-26T19:14:36","date_gmt":"2026-03-27T00:14:36","guid":{"rendered":"https:\/\/jaguartrail.com\/?page_id=4923"},"modified":"2026-03-27T11:15:35","modified_gmt":"2026-03-27T16:15:35","slug":"nosotros","status":"publish","type":"page","link":"https:\/\/jaguartrail.com\/es\/nosotros\/","title":{"rendered":"Nosotros"},"content":{"rendered":"<div  class=\"one\" >\n<div class=\"one_half_bg\" style=\"background-image:url(http:\/\/jaguartrail.com\/wp-content\/uploads\/2025\/10\/HM-trash-the-dress-.-cenote-Chikin-Ha.jpeg);height:665px;\"><\/div>\n<div class=\"one_half_bg\" style=\"padding:90px;\">\n<h2 class=\"ppb_title\" style=\"\">Nuestra Misi\u00f3n<\/h2>\n<div class=\"page_tagline\" style=\"\">Historia, Cultura y Naturaleza<\/div>\n<div class=\"ppb_header_content\">\n<p>La misi\u00f3n de Jaguar Trail es crear experiencias memorables a trav\u00e9s de tours privados, mostrando lugares emblem\u00e1ticos de M\u00e9xico.<\/p>\n<p>Ofrecemos un servicio personalizado a quienes desean sumergirse en la historia, la cultura y la naturaleza del pa\u00eds.<\/p>\n<p>\u00a0<\/p>\n<p><img loading=\"lazy\" decoding=\"async\" class=\"alignleft wp-image-4292 size-thumbnail\" src=\"http:\/\/jaguartrail.com\/wp-content\/uploads\/2025\/10\/logo-2-150x150.png\" alt=\"\" width=\"150\" height=\"150\" \/><\/p>\n<\/div>\n<\/div>\n<p><br class=\"clear\"\/><\/div>\n<div  class=\"one\" >\n<div class=\"one_half_bg textright\" style=\"padding:90px;\">\n<h2 class=\"ppb_title\" style=\"\">\u00bfPor qu\u00e9 elegirnos?<\/h2>\n<div class=\"page_tagline\" style=\"\">Jaguar Trail<\/div>\n<div class=\"ppb_header_content\">\n<ul>\n<li style=\"font-weight: 400;\" aria-level=\"1\"><span style=\"font-weight: 400;\"><span style=\"font-weight: 400;\"><strong>Tours Privados<\/strong>: evite los autobuses abarrotados y los grupos grandes, reduzca los tiempos de traslado ya que solo lo recogemos a USTED y no paramos en ning\u00fan otro hotel o villa, tenga la opci\u00f3n de crear un itinerario personalizado, tendr\u00e1 un gu\u00eda exclusivo para usted desde la recogida hasta el regreso.<\/span><\/span><\/li>\n<li style=\"font-weight: 400;\" aria-level=\"1\"><span style=\"font-weight: 400;\"><span style=\"font-weight: 400;\"><strong>Personalizaci\u00f3n<\/strong>: creamos itinerarios a medida, ofreci\u00e9ndote flexibilidad para dise\u00f1ar un tour que se adapte a tus preferencias. Ideal para salir de los caminos trillados y descubrir joyas ocultas.<\/span><\/span><\/li>\n<li style=\"font-weight: 400;\" aria-level=\"1\"><span style=\"font-weight: 400;\"><span style=\"font-weight: 400;\"><strong>Gu\u00edas expertos<\/strong>: nuestros gu\u00edas est\u00e1n capacitados y certificados en arqueolog\u00eda e historia. Cuentan con amplia experiencia y conocimiento de la cultura, la historia y la gastronom\u00eda, y est\u00e1n deseosos de compartirlo con usted.<\/span><\/span><\/li>\n<li style=\"font-weight: 400;\" aria-level=\"1\"><span style=\"font-weight: 400;\"><strong>Esp\u00edritu tranquilo<\/strong>: itinerario totalmente personalizado, gu\u00edas certificados, conductores profesionales, veh\u00edculos c\u00f3modos y totalmente asegurados con aire acondicionado, sin costes adicionales sorpresa a menos que se especifique claramente en la descripci\u00f3n del tour y\/o en el presupuesto.<\/span><\/li>\n<\/ul>\n<\/div>\n<\/div>\n<div class=\"one_half_bg\" style=\"background-image:url(http:\/\/jaguartrail.com\/wp-content\/uploads\/2025\/10\/HM-en-crater-Puebla.jpeg);height:725px;\"><\/div>\n<p><br class=\"clear\"\/><\/div>\n<div  class=\"parallax \" style=\"background-image: url(http:\/\/jaguartrail.com\/wp-content\/uploads\/2025\/10\/selva.jpg);height:80vh; \"><\/div>\n<div  class=\"one withsmallpadding ppb_header \" style=\"text-align:center;padding:60px 0 60px 0;\" >\n<div class=\"standard_wrapper\">\n<div class=\"page_content_wrapper\">\n<div class=\"inner\">\n<div style=\"margin:auto;width:100%\">\n<h2 class=\"ppb_title\" style=\"\">Conoce a nuestros fundadores<\/h2>\n<div class=\"page_tagline\" style=\"\">Descubre tus pr\u00f3ximas experiencias y lugares.<\/div>\n<div class=\"ppb_header_content\">\n<p>Jaguar Trail fue fundada por Miguel Campos y Heidi Verschaeve, quienes comparten la pasi\u00f3n por viajar, descubrir destinos nuevos y fuera de lo com\u00fan, y la cultura mexicana. Este matrimonio lleva m\u00e1s de 20 a\u00f1os viviendo juntos en Playa del Carmen, Riviera Maya, y contin\u00faa explorando los maravillosos parajes de M\u00e9xico.<\/p>\n<p>\u00a1La cultura maya y sus cenotes ocupan un lugar especial en sus corazones! Uno de los momentos m\u00e1s destacados de la ceremonia de boda de Miguel y Heidi fue el ritual maya realizado por el cham\u00e1n Don Crisanto de Tres Reyes (que en paz descanse) en el cenote Cristalino. Como era de esperar, su sesi\u00f3n de fotos &#8220;trash the dress&#8221; tuvo lugar en otro cenote cercano a su casa, llamado Chikin Ha.<\/p>\n<p>Jaguar Trail se cre\u00f3 para compartir esta pasi\u00f3n con sus clientes, ofreci\u00e9ndoles tours privados personalizados para experimentar la herencia, la cultura, las tradiciones, la historia y la gastronom\u00eda de M\u00e9xico. Con su experiencia en el sector de la hosteler\u00eda, Heidi y Miguel se caracterizan por su atenci\u00f3n al detalle y su excelente servicio, siempre enfocados en crear experiencias memorables para sus clientes.<\/p>\n<\/div>\n<\/div>\n<\/div>\n<\/div>\n<\/div>\n<\/div>\n<div  class=\"one\" >\n<div class=\"one_half_bg\" style=\"background-image:url(http:\/\/jaguartrail.com\/wp-content\/uploads\/2025\/10\/IMG-5294.jpg);height:715px;\"><\/div>\n<div class=\"one_half_bg\" style=\"padding:90px;\">\n<h2 class=\"ppb_title\" style=\"\">Miguel<\/h2>\n<div class=\"ppb_header_content\">\n<p>Miguel naci\u00f3 en la Ciudad de M\u00e9xico (CDMX), pero se cri\u00f3 en San Andr\u00e9s Cholula, Puebla, tambi\u00e9n conocida como la ciudad de las 365 iglesias (\u00a1s\u00ed! Una por cada d\u00eda del a\u00f1o).<\/p>\n<p>La familia de Miguel se mud\u00f3 a Canc\u00fan cuando \u00e9l ten\u00eda 15 a\u00f1os y, tras graduarse, decidi\u00f3 establecerse en Playa del Carmen, un pueblo entonces m\u00e1s tranquilo y peque\u00f1o.<\/p>\n<p>A Miguel le apasiona la historia, la arqueolog\u00eda, la cultura y la gastronom\u00eda mexicanas, y su primer amor, el tenis, lo practica desde ni\u00f1o.<\/p>\n<p>Tanto sus amigos del club de tenis infantil en Puebla como la gente de los pueblos mayas lo llaman cari\u00f1osamente &#8220;Nochoch Mac&#8221;, un sabio anciano. Por eso, no sorprende que, tras trabajar un tiempo en atenci\u00f3n al cliente en una agencia de viajes local, regresara a la universidad en 2005 para estudiar en la Universidad La Salle de Canc\u00fan y obtener su certificaci\u00f3n como gu\u00eda de arqueolog\u00eda e historia.<\/p>\n<p>Miguel cuenta con m\u00e1s de 20 a\u00f1os de experiencia como gu\u00eda certificado en arqueolog\u00eda e historia, y contin\u00faa estudiando y actualiz\u00e1ndose sobre todo lo relacionado con el tema.<\/p>\n<\/div>\n<\/div>\n<p><br class=\"clear\"\/><\/div>\n<div  class=\"one\" >\n<div class=\"one_half_bg textright\" style=\"padding:90px;\">\n<h2 class=\"ppb_title\" style=\"\">Heidi<\/h2>\n<div class=\"ppb_header_content\">\n<p>Heidi naci\u00f3 y creci\u00f3 cerca de la ciudad medieval de Brujas, en B\u00e9lgica, famosa por su chocolate, cerveza, los Pitufos, la m\u00fasica techno y el saxof\u00f3n. Le apasionan los viajes, el turismo, los perros, la m\u00fasica y la lectura. Desde muy joven, desarroll\u00f3 una ligera fascinaci\u00f3n por M\u00e9xico. Su amor por los viajes y su trabajo en Thomas Cook AG la llevaron a Playa del Carmen en enero de 2003, donde reside desde entonces. Sus destinos favoritos en la zona son las playas v\u00edrgenes de la Pen\u00ednsula de Yucat\u00e1n, la laguna de Bacalar, tambi\u00e9n conocida como la laguna de los siete colores, y la infinita variedad de espectaculares cenotes.<\/p>\n<p>Con m\u00e1s de 20 a\u00f1os de experiencia en el sector de la hosteler\u00eda, adquirida a lo largo de su trayectoria profesional en el sector de los operadores tur\u00edsticos, la hosteler\u00eda y los medios de comunicaci\u00f3n especializados en viajes, aporta una amplia gama de conocimientos y habilidades, incluyendo la gesti\u00f3n y el desarrollo de proyectos, siempre con un enfoque en la excelencia en el servicio al cliente.<\/p>\n<\/div>\n<\/div>\n<div class=\"one_half_bg\" style=\"background-image:url(http:\/\/jaguartrail.com\/wp-content\/uploads\/2025\/10\/H-en-Cholula-Puebla-con-cempasu\u0301chil.jpeg);height:615px;\"><\/div>\n<p><br class=\"clear\"\/><\/div>\n","protected":false},"excerpt":{"rendered":"<p>Nuestra Misi\u00f3n Historia, Cultura y Naturaleza La misi\u00f3n de Jaguar Trail es crear experiencias memorables a trav\u00e9s de tours privados, mostrando lugares emblem\u00e1ticos de M\u00e9xico. Ofrecemos un servicio personalizado a quienes desean sumergirse en la historia, la cultura y la [&hellip;]<\/p>\n","protected":false},"author":1,"featured_media":4364,"parent":0,"menu_order":0,"comment_status":"closed","ping_status":"open","template":"","meta":{"footnotes":""},"class_list":["post-4923","page","type-page","status-publish","has-post-thumbnail","hentry"],"_links":{"self":[{"href":"https:\/\/jaguartrail.com\/es\/wp-json\/wp\/v2\/pages\/4923","targetHints":{"allow":["GET"]}}],"collection":[{"href":"https:\/\/jaguartrail.com\/es\/wp-json\/wp\/v2\/pages"}],"about":[{"href":"https:\/\/jaguartrail.com\/es\/wp-json\/wp\/v2\/types\/page"}],"author":[{"embeddable":true,"href":"https:\/\/jaguartrail.com\/es\/wp-json\/wp\/v2\/users\/1"}],"replies":[{"embeddable":true,"href":"https:\/\/jaguartrail.com\/es\/wp-json\/wp\/v2\/comments?post=4923"}],"version-history":[{"count":2,"href":"https:\/\/jaguartrail.com\/es\/wp-json\/wp\/v2\/pages\/4923\/revisions"}],"predecessor-version":[{"id":4977,"href":"https:\/\/jaguartrail.com\/es\/wp-json\/wp\/v2\/pages\/4923\/revisions\/4977"}],"wp:featuredmedia":[{"embeddable":true,"href":"https:\/\/jaguartrail.com\/es\/wp-json\/wp\/v2\/media\/4364"}],"wp:attachment":[{"href":"https:\/\/jaguartrail.com\/es\/wp-json\/wp\/v2\/media?parent=4923"}],"curies":[{"name":"wp","href":"https:\/\/api.w.org\/{rel}","templated":true}]}}