{"id":4933,"date":"2026-03-26T19:15:06","date_gmt":"2026-03-27T00:15:06","guid":{"rendered":"https:\/\/jaguartrail.com\/?page_id=4933"},"modified":"2026-03-27T11:17:06","modified_gmt":"2026-03-27T16:17:06","slug":"tours","status":"publish","type":"page","link":"https:\/\/jaguartrail.com\/es\/tours\/","title":{"rendered":"Tours"},"content":{"rendered":"<div  class=\"ppb_tour_classic one nopadding \" style=\"margin-top:50px;\" >\n<div class=\"page_content_wrapper page_main_content sidebar_content full_width fixed_column\">\n<div class=\"standard_wrapper\">\n<div id=\"17746282261638112566\" class=\"portfolio_filter_wrapper gallery classic four_cols\" data-columns=\"4\">\n<div class=\"element grid classic4_cols animated1\">\n<div class=\"one_fourth gallery4 classic static filterable portfolio_type themeborder\"><a class=\"tour_image\" href=\"https:\/\/jaguartrail.com\/es\/tour\/chichen-itza-classic\/\"><br \/>\n\t\t\t\t\t<img decoding=\"async\" src=\"https:\/\/jaguartrail.com\/wp-content\/uploads\/2016\/12\/hero-shot-Chichen-Itza-700x466.jpg\" alt=\"Chich\u00e9n Itz\u00e1 CLASSIC\" \/><\/p>\n<div class=\"tour_label\">DESTACADO<\/div>\n<p><\/a><\/p>\n<div class=\"portfolio_info_wrapper\">\n        \t\t    <a class=\"tour_link\" href=\"https:\/\/jaguartrail.com\/es\/tour\/chichen-itza-classic\/\"><\/p>\n<h4>Chich\u00e9n Itz\u00e1 CLASSIC<\/h4>\n<p><\/a><\/p>\n<div class=\"tour_excerpt\">\n<p>Descubre una de las Nuevas Siete Maravillas del Mundo. Date un refrescante ba\u00f1o en uno de los cenotes de aguas cristalinas. Degusta la gastronom\u00eda tradicional del estado de Yucat\u00e1n y visita Valladolid, la \u00abSultana del \u2026<\/p>\n<\/div>\n<div class=\"tour_attribute_wrapper\">\n<div class=\"tour_attribute_days\">\n\t\t\t    \t\t\t    <span class=\"ti-time\"><\/span>10&nbsp;Hours<a href=\"javascript:;\" class=\"tooltip\" title=\"Available on Monday,&nbsp;Tuesday,&nbsp;Wednesday,&nbsp;Thursday,&nbsp;Friday,&nbsp;Saturday,&nbsp;Sunday\"><span class=\"ti-info-alt\"><\/span><\/a><\/div>\n<\/div>\n<p>        \t\t    <br class=\"clear\"\/>\n\t\t\t\t<\/div>\n<\/div>\n<\/div>\n<div class=\"element grid classic4_cols animated2\">\n<div class=\"one_fourth gallery4 classic static filterable portfolio_type themeborder\"><a class=\"tour_image\" href=\"https:\/\/jaguartrail.com\/es\/tour\/new-chichen-itza-reloaded\/\"><br \/>\n\t\t\t\t\t<img decoding=\"async\" src=\"https:\/\/jaguartrail.com\/wp-content\/uploads\/2016\/12\/Chichen-Itza-RELOADED-Tour-2-700x466.jpg\" alt=\"NEW! Chich\u00e9n Itz\u00e1 RELOADED\" \/><\/a><\/p>\n<div class=\"portfolio_info_wrapper\">\n        \t\t    <a class=\"tour_link\" href=\"https:\/\/jaguartrail.com\/es\/tour\/new-chichen-itza-reloaded\/\"><\/p>\n<h4>NEW! Chich\u00e9n Itz\u00e1 RELOADED<\/h4>\n<p><\/a><\/p>\n<div class=\"tour_excerpt\">\n<p>\u00bfYa has visitado Chich\u00e9n Itz\u00e1? Aqu\u00ed tienes algo que nunca antes hab\u00edas visto\u2026 Visita la impresionante plaza de Chich\u00e9n Itz\u00e1 y explora el reci\u00e9n inaugurado \u201cChich\u00e9n antiguo\u201d, ahora conocido como \u201cla serie inicial\u201d.<\/p>\n<\/div>\n<div class=\"tour_attribute_wrapper\">\n<div class=\"tour_attribute_days\">\n\t\t\t    \t\t\t    <span class=\"ti-time\"><\/span>10&nbsp;Hours<a href=\"javascript:;\" class=\"tooltip\" title=\"Available on Thursday,&nbsp;Friday,&nbsp;Saturday\"><span class=\"ti-info-alt\"><\/span><\/a><\/div>\n<\/div>\n<p>        \t\t    <br class=\"clear\"\/>\n\t\t\t\t<\/div>\n<\/div>\n<\/div>\n<div class=\"element grid classic4_cols animated3\">\n<div class=\"one_fourth gallery4 classic static filterable portfolio_type themeborder\"><a class=\"tour_image\" href=\"https:\/\/jaguartrail.com\/es\/tour\/ichkabal-bacalar-sailing\/\"><br \/>\n\t\t\t\t\t<img decoding=\"async\" src=\"https:\/\/jaguartrail.com\/wp-content\/uploads\/2025\/09\/Ichkabal-Bacalar-sailing-Tour-4-700x466.jpg\" alt=\"Ichkabal &#8211; Bacalar sailing\" \/><\/a><\/p>\n<div class=\"portfolio_info_wrapper\">\n        \t\t    <a class=\"tour_link\" href=\"https:\/\/jaguartrail.com\/es\/tour\/ichkabal-bacalar-sailing\/\"><\/p>\n<h4>Ichkabal &#8211; Bacalar sailing<\/h4>\n<p><\/a><\/p>\n<div class=\"tour_excerpt\">\n<p>Atr\u00e9vete a explorar el yacimiento arqueol\u00f3gico de Ichkabal, recientemente inaugurado. Recorre sus templos pr\u00e1cticamente en soledad (a\u00fan no hay muchos visitantes). Admira las vistas de la selva desde lo alto de las pir\u00e1mides, a las \u2026<\/p>\n<\/div>\n<div class=\"tour_attribute_wrapper\">\n<div class=\"tour_attribute_days\">\n\t\t\t    \t\t\t    <span class=\"ti-time\"><\/span>12&nbsp;Hours<a href=\"javascript:;\" class=\"tooltip\" title=\"Available on Monday,&nbsp;Tuesday,&nbsp;Wednesday,&nbsp;Thursday,&nbsp;Friday,&nbsp;Saturday,&nbsp;Sunday\"><span class=\"ti-info-alt\"><\/span><\/a><\/div>\n<\/div>\n<p>        \t\t    <br class=\"clear\"\/>\n\t\t\t\t<\/div>\n<\/div>\n<\/div>\n<div class=\"element grid classic4_cols animated4\">\n<div class=\"one_fourth gallery4 classic static filterable portfolio_type themeborder\"><a class=\"tour_image\" href=\"https:\/\/jaguartrail.com\/es\/tour\/chichen-itza-nonstop\/\"><br \/>\n\t\t\t\t\t<img decoding=\"async\" src=\"https:\/\/jaguartrail.com\/wp-content\/uploads\/2025\/09\/Chichen-Itza-NONSTOP-Tour-4-700x466.jpg\" alt=\"Chich\u00e9n Itz\u00e1 NONSTOP\" \/><\/a><\/p>\n<div class=\"portfolio_info_wrapper\">\n        \t\t    <a class=\"tour_link\" href=\"https:\/\/jaguartrail.com\/es\/tour\/chichen-itza-nonstop\/\"><\/p>\n<h4>Chich\u00e9n Itz\u00e1 NONSTOP<\/h4>\n<p><\/a><\/p>\n<div class=\"tour_excerpt\">\n<p>Si lo \u00fanico que quieres es visitar Chich\u00e9n Itz\u00e1 y volver a tu hotel o villa para disfrutar de la playa o la piscina, \u00a1este es el tour perfecto para ti!<\/p>\n<\/div>\n<div class=\"tour_attribute_wrapper\">\n<div class=\"tour_attribute_days\">\n\t\t\t    \t\t\t    <span class=\"ti-time\"><\/span>8&nbsp;Hours<a href=\"javascript:;\" class=\"tooltip\" title=\"Available on Monday,&nbsp;Tuesday,&nbsp;Wednesday,&nbsp;Thursday,&nbsp;Friday,&nbsp;Saturday,&nbsp;Sunday\"><span class=\"ti-info-alt\"><\/span><\/a><\/div>\n<\/div>\n<p>        \t\t    <br class=\"clear\"\/>\n\t\t\t\t<\/div>\n<\/div>\n<\/div>\n<div class=\"element grid classic4_cols animated5\">\n<div class=\"one_fourth gallery4 classic static filterable portfolio_type themeborder\"><a class=\"tour_image\" href=\"https:\/\/jaguartrail.com\/es\/tour\/tulum-bahia-de-las-tortugas-y-cenote\/\"><br \/>\n\t\t\t\t\t<img decoding=\"async\" src=\"https:\/\/jaguartrail.com\/wp-content\/uploads\/2025\/09\/Tulum-turtle-bay-cenote-Tour-1-700x466.jpg\" alt=\"Tulum, Bah\u00eda de las Tortugas y Cenote\" \/><\/a><\/p>\n<div class=\"portfolio_info_wrapper\">\n        \t\t    <a class=\"tour_link\" href=\"https:\/\/jaguartrail.com\/es\/tour\/tulum-bahia-de-las-tortugas-y-cenote\/\"><\/p>\n<h4>Tulum, Bah\u00eda de las Tortugas y Cenote<\/h4>\n<p><\/a><\/p>\n<div class=\"tour_excerpt\">\n<p>Una aventura de d\u00eda completo visitando un sitio maya, practicando esn\u00f3rquel con tortugas marinas y nadando en un cenote.<\/p>\n<\/div>\n<div class=\"tour_attribute_wrapper\">\n<div class=\"tour_attribute_days\">\n\t\t\t    \t\t\t    <span class=\"ti-time\"><\/span>8&nbsp;Hours<a href=\"javascript:;\" class=\"tooltip\" title=\"Available on Monday,&nbsp;Tuesday,&nbsp;Wednesday,&nbsp;Thursday,&nbsp;Friday,&nbsp;Saturday,&nbsp;Sunday\"><span class=\"ti-info-alt\"><\/span><\/a><\/div>\n<\/div>\n<p>        \t\t    <br class=\"clear\"\/>\n\t\t\t\t<\/div>\n<\/div>\n<\/div>\n<div class=\"element grid classic4_cols animated6\">\n<div class=\"one_fourth gallery4 classic static filterable portfolio_type themeborder\"><a class=\"tour_image\" href=\"https:\/\/jaguartrail.com\/es\/tour\/tulum-cenote\/\"><br \/>\n\t\t\t\t\t<img decoding=\"async\" src=\"https:\/\/jaguartrail.com\/wp-content\/uploads\/2025\/10\/Tulum-cenote-Tour-4-700x466.jpg\" alt=\"Tulum &#038; Cenote\" \/><\/a><\/p>\n<div class=\"portfolio_info_wrapper\">\n        \t\t    <a class=\"tour_link\" href=\"https:\/\/jaguartrail.com\/es\/tour\/tulum-cenote\/\"><\/p>\n<h4>Tulum &#038; Cenote<\/h4>\n<p><\/a><\/p>\n<div class=\"tour_excerpt\">\n<p>Ad\u00e9ntrate en la ciudad amurallada con vistas al mar Caribe y admira sus templos enclavados en los acantilados.<\/p>\n<p>Ad\u00e9ntrate en la selva hasta el cenote Yax Muul para disfrutar de un refrescante ba\u00f1o en sus aguas \u2026<\/p>\n<\/div>\n<div class=\"tour_attribute_wrapper\">\n<div class=\"tour_attribute_days\">\n\t\t\t    \t\t\t    <span class=\"ti-time\"><\/span>6-7&nbsp;Hours<a href=\"javascript:;\" class=\"tooltip\" title=\"Available on Monday,&nbsp;Tuesday,&nbsp;Wednesday,&nbsp;Thursday,&nbsp;Friday,&nbsp;Saturday,&nbsp;Sunday\"><span class=\"ti-info-alt\"><\/span><\/a><\/div>\n<\/div>\n<p>        \t\t    <br class=\"clear\"\/>\n\t\t\t\t<\/div>\n<\/div>\n<\/div>\n<div class=\"element grid classic4_cols animated7\">\n<div class=\"one_fourth gallery4 classic static filterable portfolio_type themeborder\"><a class=\"tour_image\" href=\"https:\/\/jaguartrail.com\/es\/tour\/tulum-aventura-tirolesas-cenotes-canoa\/\"><br \/>\n\t\t\t\t\t<img decoding=\"async\" src=\"https:\/\/jaguartrail.com\/wp-content\/uploads\/2025\/12\/Tulum-adventure-zipline-cenotes-canoe-tour-1-700x466.jpg\" alt=\"Tulum &#038; Aventura (tirolesas, cenotes, canoa)\" \/><\/p>\n<div class=\"tour_price 1\"><span>From <\/span>USD $515<span> per Group<\/span><\/div>\n<p><\/a><\/p>\n<div class=\"portfolio_info_wrapper\">\n        \t\t    <a class=\"tour_link\" href=\"https:\/\/jaguartrail.com\/es\/tour\/tulum-aventura-tirolesas-cenotes-canoa\/\"><\/p>\n<h4>Tulum &#038; Aventura (tirolesas, cenotes, canoa)<\/h4>\n<p><\/a><\/p>\n<div class=\"tour_excerpt\">\n<p>Comienza tu d\u00eda explorando el sitio arqueol\u00f3gico maya de Tulum. Disfruta de las hermosas vistas del paisaje, la arquitectura maya, su ubicaci\u00f3n en lo alto de un acantilado y las espectaculares vistas del mar Caribe.<\/p>\n<\/div>\n<div class=\"tour_attribute_wrapper\">\n<div class=\"tour_attribute_days\">\n\t\t\t    \t\t\t    <span class=\"ti-time\"><\/span>6-7&nbsp;Hours<a href=\"javascript:;\" class=\"tooltip\" title=\"Available on Monday,&nbsp;Tuesday,&nbsp;Wednesday,&nbsp;Thursday,&nbsp;Friday,&nbsp;Saturday,&nbsp;Sunday\"><span class=\"ti-info-alt\"><\/span><\/a><\/div>\n<\/div>\n<p>        \t\t    <br class=\"clear\"\/>\n\t\t\t\t<\/div>\n<\/div>\n<\/div>\n<div class=\"element grid classic4_cols animated8\">\n<div class=\"one_fourth gallery4 classic static filterable portfolio_type themeborder\"><a class=\"tour_image\" href=\"https:\/\/jaguartrail.com\/es\/tour\/coba-tulum-cenote\/\"><br \/>\n\t\t\t\t\t<img decoding=\"async\" src=\"https:\/\/jaguartrail.com\/wp-content\/uploads\/2025\/12\/Coba-Tulum-cenote-Tour-3-700x466.jpg\" alt=\"Cob\u00e1 &#8211; Tulum &#038; Cenote\" \/><\/p>\n<div class=\"tour_price 1\"><span>From <\/span>USD $588<span> per Group<\/span><\/div>\n<p><\/a><\/p>\n<div class=\"portfolio_info_wrapper\">\n        \t\t    <a class=\"tour_link\" href=\"https:\/\/jaguartrail.com\/es\/tour\/coba-tulum-cenote\/\"><\/p>\n<h4>Cob\u00e1 &#8211; Tulum &#038; Cenote<\/h4>\n<p><\/a><\/p>\n<div class=\"tour_excerpt\">\n<p>\u00a1Dos tours en un d\u00eda!<br \/>\nConoce la pir\u00e1mide m\u00e1s alta del norte de Yucat\u00e1n, Nohoch Muul, y explora el sitio costero de Tulum.<br \/>\nDate un refrescante ba\u00f1o en una cueva natural.<\/p>\n<\/div>\n<div class=\"tour_attribute_wrapper\">\n<div class=\"tour_attribute_days\">\n\t\t\t    \t\t\t    <span class=\"ti-time\"><\/span>10&nbsp;Hours<a href=\"javascript:;\" class=\"tooltip\" title=\"Available on Monday,&nbsp;Tuesday,&nbsp;Wednesday,&nbsp;Thursday,&nbsp;Friday,&nbsp;Saturday,&nbsp;Sunday\"><span class=\"ti-info-alt\"><\/span><\/a><\/div>\n<\/div>\n<p>        \t\t    <br class=\"clear\"\/>\n\t\t\t\t<\/div>\n<\/div>\n<\/div>\n<div class=\"element grid classic4_cols animated9\">\n<div class=\"one_fourth gallery4 classic static filterable portfolio_type themeborder\"><a class=\"tour_image\" href=\"https:\/\/jaguartrail.com\/es\/tour\/clase-de-cocina-maya-ceremonia-maya-aldea-maya-y-coba\/\"><br \/>\n\t\t\t\t\t<img decoding=\"async\" src=\"https:\/\/jaguartrail.com\/wp-content\/uploads\/2025\/12\/Maya-cooking-class-Maya-ceremony-Maya-village-Coba-tour-2-700x466.jpg\" alt=\"Clase de cocina Maya, Ceremonia Maya, Aldea Maya y Cob\u00e1\" \/><\/p>\n<div class=\"tour_price 1\"><span>From <\/span>USD $751<span> per Group<\/span><\/div>\n<p><\/a><\/p>\n<div class=\"portfolio_info_wrapper\">\n        \t\t    <a class=\"tour_link\" href=\"https:\/\/jaguartrail.com\/es\/tour\/clase-de-cocina-maya-ceremonia-maya-aldea-maya-y-coba\/\"><\/p>\n<h4>Clase de cocina Maya, Ceremonia Maya, Aldea Maya y Cob\u00e1<\/h4>\n<p><\/a><\/p>\n<div class=\"tour_excerpt\">\n<p>\u00a1Forma parte de la comunidad maya!<br \/>\nUn d\u00eda para experimentar de primera mano las tradiciones, costumbres y rituales de la vida cotidiana en una aut\u00e9ntica comunidad maya.<br \/>\nCombinado con una visita al impresionante sitio arqueol\u00f3gico de Cob\u00e1, \u2026<\/p>\n<\/div>\n<div class=\"tour_attribute_wrapper\">\n<div class=\"tour_attribute_days\">\n\t\t\t    \t\t\t    <span class=\"ti-time\"><\/span>9&nbsp;Hours<a href=\"javascript:;\" class=\"tooltip\" title=\"Available on Monday,&nbsp;Tuesday,&nbsp;Wednesday,&nbsp;Thursday,&nbsp;Friday,&nbsp;Saturday,&nbsp;Sunday\"><span class=\"ti-info-alt\"><\/span><\/a><\/div>\n<\/div>\n<p>        \t\t    <br class=\"clear\"\/>\n\t\t\t\t<\/div>\n<\/div>\n<\/div>\n<div class=\"element grid classic4_cols animated10\">\n<div class=\"one_fourth gallery4 classic static filterable portfolio_type themeborder\"><a class=\"tour_image\" href=\"https:\/\/jaguartrail.com\/es\/tour\/coba-aventura-pacchen\/\"><br \/>\n\t\t\t\t\t<img decoding=\"async\" src=\"https:\/\/jaguartrail.com\/wp-content\/uploads\/2025\/12\/Coba-Pacchen-adventure-tour-3-700x466.jpg\" alt=\"Cob\u00e1 &#8211; Aventura Pacchen\" \/><\/p>\n<div class=\"tour_price 1\"><span>From <\/span>USD $588<span> per Group<\/span><\/div>\n<p><\/a><\/p>\n<div class=\"portfolio_info_wrapper\">\n        \t\t    <a class=\"tour_link\" href=\"https:\/\/jaguartrail.com\/es\/tour\/coba-aventura-pacchen\/\"><\/p>\n<h4>Cob\u00e1 &#8211; Aventura Pacchen<\/h4>\n<p><\/a><\/p>\n<div class=\"tour_excerpt\">\n<p>\u00a1Emb\u00e1rcate en una aventura en la selva maya de Pacchen! Una experiencia inolvidable combinada con una visita a la antigua ciudad maya de Cob\u00e1.<\/p>\n<\/div>\n<div class=\"tour_attribute_wrapper\">\n<div class=\"tour_attribute_days\">\n\t\t\t    \t\t\t    <span class=\"ti-time\"><\/span>10&nbsp;Hours<a href=\"javascript:;\" class=\"tooltip\" title=\"Available on Monday,&nbsp;Tuesday,&nbsp;Wednesday,&nbsp;Thursday,&nbsp;Friday,&nbsp;Saturday,&nbsp;Sunday\"><span class=\"ti-info-alt\"><\/span><\/a><\/div>\n<\/div>\n<p>        \t\t    <br class=\"clear\"\/>\n\t\t\t\t<\/div>\n<\/div>\n<\/div>\n<div class=\"element grid classic4_cols animated11\">\n<div class=\"one_fourth gallery4 classic static filterable portfolio_type themeborder\"><a class=\"tour_image\" href=\"https:\/\/jaguartrail.com\/es\/tour\/ek-balam-chichen-itza-cenote\/\"><br \/>\n\t\t\t\t\t<img decoding=\"async\" src=\"https:\/\/jaguartrail.com\/wp-content\/uploads\/2025\/10\/Hero-shot-Ek-Balam-acropolis-700x466.jpg\" alt=\"Ek Balam, Chich\u00e9n Itz\u00e1 &#038; Cenote\" \/><\/p>\n<div class=\"tour_price 1\"><span>From <\/span>USD $851<span> per Group<\/span><\/div>\n<p><\/a><\/p>\n<div class=\"portfolio_info_wrapper\">\n        \t\t    <a class=\"tour_link\" href=\"https:\/\/jaguartrail.com\/es\/tour\/ek-balam-chichen-itza-cenote\/\"><\/p>\n<h4>Ek Balam, Chich\u00e9n Itz\u00e1 &#038; Cenote<\/h4>\n<p><\/a><\/p>\n<div class=\"tour_excerpt\">\n<p>Prep\u00e1rate para conocer dos sitios ceremoniales mayas en el norte de Yucat\u00e1n. Una combinaci\u00f3n que te acercar\u00e1 a su historia, leyendas y rica cultura.<\/p>\n<\/div>\n<div class=\"tour_attribute_wrapper\">\n<div class=\"tour_attribute_days\">\n\t\t\t    \t\t\t    <span class=\"ti-time\"><\/span>12&nbsp;Hours<a href=\"javascript:;\" class=\"tooltip\" title=\"Available on Monday,&nbsp;Tuesday,&nbsp;Wednesday,&nbsp;Thursday,&nbsp;Friday,&nbsp;Saturday,&nbsp;Sunday\"><span class=\"ti-info-alt\"><\/span><\/a><\/div>\n<\/div>\n<p>        \t\t    <br class=\"clear\"\/>\n\t\t\t\t<\/div>\n<\/div>\n<\/div>\n<div class=\"element grid classic4_cols animated12\">\n<div class=\"one_fourth gallery4 classic static filterable portfolio_type themeborder\"><a class=\"tour_image\" href=\"https:\/\/jaguartrail.com\/es\/tour\/cancun-redescubierto-el-meco-el-rey-san-miguelito-museo-maya\/\"><br \/>\n\t\t\t\t\t<img decoding=\"async\" src=\"https:\/\/jaguartrail.com\/wp-content\/uploads\/2025\/12\/Cancun-rediscovered-11-700x466.jpg\" alt=\"Canc\u00fan redescubierto  &#8211; El Meco, El Rey, San Miguelito &#038; Museo Maya\" \/><\/p>\n<div class=\"tour_price 1\"><span>From <\/span>USD $437<span> per Group<\/span><\/div>\n<p><\/a><\/p>\n<div class=\"portfolio_info_wrapper\">\n        \t\t    <a class=\"tour_link\" href=\"https:\/\/jaguartrail.com\/es\/tour\/cancun-redescubierto-el-meco-el-rey-san-miguelito-museo-maya\/\"><\/p>\n<h4>Canc\u00fan redescubierto  &#8211; El Meco, El Rey, San Miguelito &#038; Museo Maya<\/h4>\n<p><\/a><\/p>\n<div class=\"tour_excerpt\">\n<p>\u00bfListo para descubrir la historia y la cultura de Canc\u00fan? Visita 3 (\u00a1tres!) sitios arqueol\u00f3gicos en un solo tour.<\/p>\n<\/div>\n<div class=\"tour_attribute_wrapper\">\n<div class=\"tour_attribute_days\">\n\t\t\t    \t\t\t    <span class=\"ti-time\"><\/span>5&nbsp;Hours<a href=\"javascript:;\" class=\"tooltip\" title=\"Available on Tuesday,&nbsp;Wednesday,&nbsp;Thursday,&nbsp;Friday,&nbsp;Saturday,&nbsp;Sunday\"><span class=\"ti-info-alt\"><\/span><\/a><\/div>\n<\/div>\n<p>        \t\t    <br class=\"clear\"\/>\n\t\t\t\t<\/div>\n<\/div>\n<\/div>\n<div class=\"element grid classic4_cols animated13\">\n<div class=\"one_fourth gallery4 classic static filterable portfolio_type themeborder\"><a class=\"tour_image\" href=\"https:\/\/jaguartrail.com\/es\/tour\/muyil-canales-de-sian-kaan\/\"><br \/>\n\t\t\t\t\t<img decoding=\"async\" src=\"https:\/\/jaguartrail.com\/wp-content\/uploads\/2025\/12\/Muyil-Sian-Kaan-canals-tour-2-700x466.jpg\" alt=\"Muyil &#038; canales de Sian Ka\u2019an\" \/><\/p>\n<div class=\"tour_price 1\"><span>From <\/span>USD $676<span> per Group<\/span><\/div>\n<p><\/a><\/p>\n<div class=\"portfolio_info_wrapper\">\n        \t\t    <a class=\"tour_link\" href=\"https:\/\/jaguartrail.com\/es\/tour\/muyil-canales-de-sian-kaan\/\"><\/p>\n<h4>Muyil &#038; canales de Sian Ka\u2019an<\/h4>\n<p><\/a><\/p>\n<div class=\"tour_excerpt\">\n<p>Salga de los caminos trillados y descubra esta joya escondida en la reserva de la biosfera de Sian Ka\u2019an. Flote en sus aguas cristalinas y conozca el yacimiento arqueol\u00f3gico de Muyil.<\/p>\n<\/div>\n<div class=\"tour_attribute_wrapper\">\n<div class=\"tour_attribute_days\">\n\t\t\t    \t\t\t    <span class=\"ti-time\"><\/span>7&nbsp;Hours<a href=\"javascript:;\" class=\"tooltip\" title=\"Available on Monday,&nbsp;Tuesday,&nbsp;Wednesday,&nbsp;Thursday,&nbsp;Friday,&nbsp;Saturday,&nbsp;Sunday\"><span class=\"ti-info-alt\"><\/span><\/a><\/div>\n<\/div>\n<p>        \t\t    <br class=\"clear\"\/>\n\t\t\t\t<\/div>\n<\/div>\n<\/div>\n<div class=\"element grid classic4_cols animated14\">\n<div class=\"one_fourth gallery4 classic static filterable portfolio_type themeborder\"><a class=\"tour_image\" href=\"https:\/\/jaguartrail.com\/es\/tour\/ek-balam-valladolid-cenote\/\"><br \/>\n\t\t\t\t\t<img decoding=\"async\" src=\"https:\/\/jaguartrail.com\/wp-content\/uploads\/2025\/10\/Hero-shot-Ek-Balam-700x466.jpg\" alt=\"Ek Balam, Valladolid &#038; Cenote\" \/><\/p>\n<div class=\"tour_price 1\"><span>From <\/span>USD $699<span> per Group<\/span><\/div>\n<p><\/a><\/p>\n<div class=\"portfolio_info_wrapper\">\n        \t\t    <a class=\"tour_link\" href=\"https:\/\/jaguartrail.com\/es\/tour\/ek-balam-valladolid-cenote\/\"><\/p>\n<h4>Ek Balam, Valladolid &#038; Cenote<\/h4>\n<p><\/a><\/p>\n<div class=\"tour_excerpt\">\n<p>Un d\u00eda lleno de historia y aventura, explorando la antigua ciudad del jaguar negro, Ek Balam.<\/p>\n<\/div>\n<div class=\"tour_attribute_wrapper\">\n<div class=\"tour_attribute_days\">\n\t\t\t    \t\t\t    <span class=\"ti-time\"><\/span>10&nbsp;Hours<a href=\"javascript:;\" class=\"tooltip\" title=\"Available on Monday,&nbsp;Tuesday,&nbsp;Wednesday,&nbsp;Thursday,&nbsp;Friday,&nbsp;Saturday,&nbsp;Sunday\"><span class=\"ti-info-alt\"><\/span><\/a><\/div>\n<\/div>\n<p>        \t\t    <br class=\"clear\"\/>\n\t\t\t\t<\/div>\n<\/div>\n<\/div>\n<\/div>\n<\/div>\n<\/div>\n<\/div>\n<div  class=\"one withsmallpadding ppb_text\" style=\"text-align:center;padding:40px 0 40px 0;\" >\n<div class=\"standard_wrapper\">\n<div class=\"page_content_wrapper\">\n<div class=\"inner\">\n<div style=\"margin:auto;width:100%\">\n<h3>Cont\u00e1ctenos si tiene alguna pregunta en<\/h3>\n<h3><a href=\"mailto:info@jaguartrail.com\">info@jaguartrail.com<\/a><\/h3>\n<p><a class=\"button\" style=\"margin-top: 10px;\" href=\"https:\/\/wa.me\/529842088666\" target=\"_blank\" rel=\"noopener\">Whatsapp<\/a><\/p>\n<\/div>\n<\/div>\n<\/div>\n<\/div>\n<\/div>\n<div  class=\"one ppb_image_fullwidth\" style=\"padding-bottom:0!important;padding:40px 0 40px 0;\" >\n<div class=\"one withbg\" style=\"background-image:url(https:\/\/jaguartrail.com\/wp-content\/uploads\/2025\/09\/Tulum-turtle-bay-cenote-Tour-16.jpg);background-size:cover;background-position:center top;height:505px;position:relative;\"><\/div>\n<\/div>\n","protected":false},"excerpt":{"rendered":"<p>DESTACADO Chich\u00e9n Itz\u00e1 CLASSIC Descubre una de las Nuevas Siete Maravillas del Mundo. Date un refrescante ba\u00f1o en uno de los cenotes de aguas cristalinas. Degusta la gastronom\u00eda tradicional del estado de Yucat\u00e1n y visita Valladolid, la \u00abSultana del \u2026 [&hellip;]<\/p>\n","protected":false},"author":1,"featured_media":4359,"parent":0,"menu_order":0,"comment_status":"closed","ping_status":"closed","template":"","meta":{"footnotes":""},"class_list":["post-4933","page","type-page","status-publish","has-post-thumbnail","hentry"],"_links":{"self":[{"href":"https:\/\/jaguartrail.com\/es\/wp-json\/wp\/v2\/pages\/4933","targetHints":{"allow":["GET"]}}],"collection":[{"href":"https:\/\/jaguartrail.com\/es\/wp-json\/wp\/v2\/pages"}],"about":[{"href":"https:\/\/jaguartrail.com\/es\/wp-json\/wp\/v2\/types\/page"}],"author":[{"embeddable":true,"href":"https:\/\/jaguartrail.com\/es\/wp-json\/wp\/v2\/users\/1"}],"replies":[{"embeddable":true,"href":"https:\/\/jaguartrail.com\/es\/wp-json\/wp\/v2\/comments?post=4933"}],"version-history":[{"count":2,"href":"https:\/\/jaguartrail.com\/es\/wp-json\/wp\/v2\/pages\/4933\/revisions"}],"predecessor-version":[{"id":4978,"href":"https:\/\/jaguartrail.com\/es\/wp-json\/wp\/v2\/pages\/4933\/revisions\/4978"}],"wp:featuredmedia":[{"embeddable":true,"href":"https:\/\/jaguartrail.com\/es\/wp-json\/wp\/v2\/media\/4359"}],"wp:attachment":[{"href":"https:\/\/jaguartrail.com\/es\/wp-json\/wp\/v2\/media?parent=4933"}],"curies":[{"name":"wp","href":"https:\/\/api.w.org\/{rel}","templated":true}]}}